{"id":235,"date":"2019-10-27T11:31:11","date_gmt":"2019-10-27T10:31:11","guid":{"rendered":"http:\/\/theoradakovitch.com\/?page_id=235"},"modified":"2024-11-15T18:12:55","modified_gmt":"2024-11-15T17:12:55","slug":"bio","status":"publish","type":"page","link":"https:\/\/theoradakovitch.com\/?page_id=235","title":{"rendered":"A propos"},"content":{"rendered":"\n<div class=\"wp-block-columns is-layout-flex wp-container-core-columns-is-layout-28f84493 wp-block-columns-is-layout-flex\">\n<div class=\"wp-block-column is-layout-flow wp-block-column-is-layout-flow\" style=\"padding-top:0;padding-right:var(--wp--preset--spacing--40);padding-bottom:0;padding-left:var(--wp--preset--spacing--40);flex-basis:30%\">\n<div class=\"wp-block-group has-global-padding is-layout-constrained wp-block-group-is-layout-constrained\">\n<figure class=\"wp-block-image size-large has-custom-border is-style-default wp-duotone-grayscale\"><img loading=\"lazy\" decoding=\"async\" width=\"1024\" height=\"1024\" src=\"http:\/\/theoradakovitch.com\/wp-content\/uploads\/2024\/11\/219267382_708705327196593_4423218266478700268_n-1024x1024.jpg\" alt=\"\" class=\"wp-image-1281\" style=\"border-style:none;border-width:0px;border-radius:7px\" srcset=\"https:\/\/theoradakovitch.com\/wp-content\/uploads\/2024\/11\/219267382_708705327196593_4423218266478700268_n-1024x1024.jpg 1024w, https:\/\/theoradakovitch.com\/wp-content\/uploads\/2024\/11\/219267382_708705327196593_4423218266478700268_n-300x300.jpg 300w, https:\/\/theoradakovitch.com\/wp-content\/uploads\/2024\/11\/219267382_708705327196593_4423218266478700268_n-150x150.jpg 150w, https:\/\/theoradakovitch.com\/wp-content\/uploads\/2024\/11\/219267382_708705327196593_4423218266478700268_n-768x767.jpg 768w, https:\/\/theoradakovitch.com\/wp-content\/uploads\/2024\/11\/219267382_708705327196593_4423218266478700268_n-500x500.jpg 500w, https:\/\/theoradakovitch.com\/wp-content\/uploads\/2024\/11\/219267382_708705327196593_4423218266478700268_n-800x799.jpg 800w, https:\/\/theoradakovitch.com\/wp-content\/uploads\/2024\/11\/219267382_708705327196593_4423218266478700268_n-1280x1279.jpg 1280w, https:\/\/theoradakovitch.com\/wp-content\/uploads\/2024\/11\/219267382_708705327196593_4423218266478700268_n-640x640.jpg 640w, https:\/\/theoradakovitch.com\/wp-content\/uploads\/2024\/11\/219267382_708705327196593_4423218266478700268_n-600x600.jpg 600w, https:\/\/theoradakovitch.com\/wp-content\/uploads\/2024\/11\/219267382_708705327196593_4423218266478700268_n-50x50.jpg 50w, https:\/\/theoradakovitch.com\/wp-content\/uploads\/2024\/11\/219267382_708705327196593_4423218266478700268_n.jpg 1365w\" sizes=\"auto, (max-width: 1024px) 100vw, 1024px\" \/><\/figure>\n\n\n\n<p class=\"has-small-font-size\"><\/p>\n<\/div>\n<\/div>\n\n\n\n<div class=\"wp-block-column is-layout-flow wp-block-column-is-layout-flow\" style=\"padding-right:var(--wp--preset--spacing--70);padding-left:var(--wp--preset--spacing--40)\">\n<h1 class=\"wp-block-heading\">A PROPOS<\/h1>\n\n\n\n<p class=\"has-small-font-size\" style=\"text-align: justify;\">Artiste et Designer sonore, diplom\u00e9 d&#8217;une licence de Chef Op\u00e9rateur du Son et d&#8217;un master en Design Sonore aux Beaux-Art du Mans en association avec l&#8217;IRCAM. \n<\/br>\nJe travaille depuis une dizaine d&#8217;ann\u00e9es dans le milieu culturel, tant dans la cr\u00e9ation et l&#8217;ing\u00e9nierie sonore que dans le d\u00e9veloppement de projets, la formations et la transmission, l&#8217;animation d&#8217;ateliers, la cr\u00e9ation d&#8217;expositions ou les exp\u00e9rimentations artistiques en tout genre.\n<\/br>\nChercheur de sons et bidouilleur de mati\u00e8re, je fabrique de nombreux objets sonores, instruments ou machines \u00e0 sons qui m&#8217;accompagnent dans mes interventions ou mes spectacles.\n<\/br><\/br>\nJe met au service de chaque projet un savoir-faire technique pr\u00e9cis, mon exp\u00e9rience dans le domaine culturel, et ma sensibilit\u00e9 artistique.<\/p>\n\n\n\n<p class=\"has-small-font-size\"><\/p>\n<\/div>\n<\/div>\n","protected":false},"excerpt":{"rendered":"<p>A PROPOS Artiste et Designer sonore, diplom\u00e9 d&#8217;une licence de Chef Op\u00e9rateur du Son et d&#8217;un master en Design Sonore aux Beaux-Art du Mans en association avec l&#8217;IRCAM. Je travaille depuis une dizaine d&#8217;ann\u00e9es dans le milieu culturel, tant dans la cr\u00e9ation et l&#8217;ing\u00e9nierie sonore que dans le d\u00e9veloppement de projets, la formations et la [&hellip;]<\/p>\n","protected":false},"author":1,"featured_media":0,"parent":0,"menu_order":0,"comment_status":"closed","ping_status":"closed","template":"vide-full","meta":{"footnotes":""},"class_list":["post-235","page","type-page","status-publish","hentry"],"jetpack_sharing_enabled":true,"rttpg_featured_image_url":null,"rttpg_author":{"display_name":"admin9383","author_link":"https:\/\/theoradakovitch.com\/?author=1"},"rttpg_comment":0,"rttpg_category":null,"rttpg_excerpt":"A PROPOS Artiste et Designer sonore, diplom\u00e9 d&#8217;une licence de Chef Op\u00e9rateur du Son et d&#8217;un master en Design Sonore aux Beaux-Art du Mans en association avec l&#8217;IRCAM. Je travaille depuis une dizaine d&#8217;ann\u00e9es dans le milieu culturel, tant dans la cr\u00e9ation et l&#8217;ing\u00e9nierie sonore que dans le d\u00e9veloppement de projets, la formations et la&hellip;","_links":{"self":[{"href":"https:\/\/theoradakovitch.com\/index.php?rest_route=\/wp\/v2\/pages\/235","targetHints":{"allow":["GET"]}}],"collection":[{"href":"https:\/\/theoradakovitch.com\/index.php?rest_route=\/wp\/v2\/pages"}],"about":[{"href":"https:\/\/theoradakovitch.com\/index.php?rest_route=\/wp\/v2\/types\/page"}],"author":[{"embeddable":true,"href":"https:\/\/theoradakovitch.com\/index.php?rest_route=\/wp\/v2\/users\/1"}],"replies":[{"embeddable":true,"href":"https:\/\/theoradakovitch.com\/index.php?rest_route=%2Fwp%2Fv2%2Fcomments&post=235"}],"version-history":[{"count":40,"href":"https:\/\/theoradakovitch.com\/index.php?rest_route=\/wp\/v2\/pages\/235\/revisions"}],"predecessor-version":[{"id":1283,"href":"https:\/\/theoradakovitch.com\/index.php?rest_route=\/wp\/v2\/pages\/235\/revisions\/1283"}],"wp:attachment":[{"href":"https:\/\/theoradakovitch.com\/index.php?rest_route=%2Fwp%2Fv2%2Fmedia&parent=235"}],"curies":[{"name":"wp","href":"https:\/\/api.w.org\/{rel}","templated":true}]}}